{"id":14277,"date":"2021-05-10T15:52:06","date_gmt":"2021-05-10T15:52:06","guid":{"rendered":"https:\/\/www.andorra-solutions.com\/declaracion-renta-irpf-andorra\/"},"modified":"2026-03-25T15:29:16","modified_gmt":"2026-03-25T15:29:16","slug":"declaration-impot-revenu-andorre","status":"publish","type":"page","link":"https:\/\/www.andorra-solutions.com\/fr\/declaration-impot-revenu-andorre\/","title":{"rendered":"D\u00e9claration d\u2019imp\u00f4t sur le revenu en Andorre"},"content":{"rendered":"<p>[vc_row css_animation=\u00a0\u00bbfadeIn\u00a0\u00bb][vc_column][vc_column_text]Information importante pour les contribuables : la d\u00e9claration de revenus andorrane (imp\u00f4t sur le revenu des personnes physiques &#8211; IRPF) peut \u00eatre d\u00e9pos\u00e9e entre le 1er avril 2026 et le 30 septembre 2026 et correspond \u00e0 l&rsquo;ann\u00e9e fiscale 2025.<\/p>\n<p>La d\u00e9claration d&rsquo;IRPF \u00e0 Andorre doit inclure tous les revenus, profits et pertes per\u00e7ues quel que soit le pays d\u2019origine ; en Andorre on paye l\u2019imp\u00f4t par \u00ab revenus mondiaux \u00bb. Par la suite, les d\u00e9ductions correspondantes seront appliqu\u00e9es en \u00e9liminant la double imposition internationale conform\u00e9ment aux accords existants.[\/vc_column_text][vc_custom_heading text=\u00a0\u00bbQui doit produire la d\u00e9claration d\u2019imp\u00f4t sur le revenu en Andorre ?\u00a0\u00bb use_theme_fonts=\u00a0\u00bbyes\u00a0\u00bb][vc_column_text]1. Les personnes physiques ayant leur r\u00e9sidence fiscale en Andorre. Cela signifie :<\/p>\n<ul>\n<li>Vivre en Andorre plus de 183 jours par an.<\/li>\n<li>Avoir leur centre principal ou la base de leurs activit\u00e9s \u00e9conomiques ou de leurs int\u00e9r\u00eats \u00e9conomiques directement ou indirectement sur le territoire andorran.<\/li>\n<\/ul>\n<p>2. Les revenus provenant des soci\u00e9t\u00e9s civiles, des communaut\u00e9s patrimoniales, des successions et des patrimoines autonomes r\u00e9gis par le syst\u00e8me fiscal.[\/vc_column_text][vc_empty_space height=\u00a0\u00bb15px\u00a0\u00bb][\/vc_column][\/vc_row][vc_row css_animation=\u00a0\u00bbfadeIn\u00a0\u00bb][vc_column][vc_custom_heading text=\u00a0\u00bbQuel est le pr\u00e9l\u00e8vement appliqu\u00e9 sur la d\u00e9claration d\u2019imp\u00f4t sur le revenu des personnes physiques en Andorre ?\u00a0\u00bb use_theme_fonts=\u00a0\u00bbyes\u00a0\u00bb][vc_column_text]Le taux g\u00e9n\u00e9ral est de 10%, cependant il faut noter que le pr\u00e9l\u00e8vement se fait par tranches :<\/p>\n<ul>\n<li>Jusqu\u2019\u00e0 24.000 euros : exon\u00e9r\u00e9 de taxes.<\/li>\n<li>Entre 24.001 et 40.000 euros par an, un taux r\u00e9duit de 5% s\u2019applique. La r\u00e9duction appliqu\u00e9e est de 800 euros maximum.<\/li>\n<li>Pour un revenu net sup\u00e9rieur \u00e0 40.001 euros, le taux \u00e0 appliquer est de 10%.<\/li>\n<\/ul>\n<p>De l\u2019assiette de l\u2019imp\u00f4t sur l\u2019\u00e9pargne, les 3000 premiers euros sont exon\u00e9r\u00e9s et le taux de 10% est appliqu\u00e9 au reste.[\/vc_column_text][vc_empty_space height=\u00a0\u00bb15px\u00a0\u00bb][\/vc_column][\/vc_row][vc_row css_animation=\u00a0\u00bbfadeIn\u00a0\u00bb][vc_column][vc_custom_heading text=\u00a0\u00bbQuelles sont les d\u00e9ductions que je peux inclure dans ma d\u00e9claration d\u2019imp\u00f4t sur revenu en Andorre ?\u00a0\u00bb use_theme_fonts=\u00a0\u00bbyes\u00a0\u00bb][vc_column_text]Dans le cas des travailleurs, les cotisations \u00e0 la CASS (uniquement la part du travailleur) et plus de 3% des frais g\u00e9n\u00e9raux peuvent \u00eatre d\u00e9duits de certains revenus complets avec un maximum de 400 euros.<\/p>\n<p>Concernant les d\u00e9ductions de l\u2019assiette g\u00e9n\u00e9rale, si votre conjoint ne touche aucun revenu, le minimum exon\u00e9r\u00e9 de 24.000 euros passe alors \u00e0 jusqu\u2019\u00e0 40.000 euros. Les charges familiales peuvent \u00e9galement \u00eatre d\u00e9duites de 750 euros pour chaque descendant de moins de 25 ans ou ascendant de plus de 65 ans, tant qu\u2019ils vivent sous votre toit et qu\u2019ils ne per\u00e7oivent pas un revenu annuel sup\u00e9rieur \u00e0 12.000 euros. Les autres r\u00e9ductions applicables possibles concernent les travailleurs ayant un membre de leur famille directe souffrant d\u2019handicap, l\u2019hypoth\u00e8que sur la r\u00e9sidence principale, le r\u00e9gime de retraite, etc.<\/p>\n<p>En outre, le taux d\u2019imposition peut \u00eatre r\u00e9duit gr\u00e2ce \u00e0 des d\u00e9ductions pour \u00e9viter la double imposition interne et internationale, la cr\u00e9ation d\u2019emplois et la r\u00e9alisation de nouveaux investissements.[\/vc_column_text][vc_custom_heading text=\u00a0\u00bbQuels documents faut-il pour d\u00e9clarer l\u2019imp\u00f4t sur le revenu des personnes physiques en Andorre en 2026 ?\u00a0\u00bb use_theme_fonts=\u00a0\u00bbyes\u00a0\u00bb][vc_column_text]Il est important de disposer des documents suivants pour pouvoir faire votre d\u00e9claration d\u2019imp\u00f4t sur le revenu facilement :<\/p>\n<ul>\n<li>Toutes vos fiches de paye.<\/li>\n<li>Certificat de retenues d\u00e9livr\u00e9e par votre employeur.<\/li>\n<li>Certificats bancaires.<\/li>\n<li>Certificat de pensions.<\/li>\n<li>La proposition de r\u00e8glement fournie par le service des imp\u00f4ts.<\/li>\n<li>Livre des r\u00e9sultats comptables des activit\u00e9s \u00e9conomiques.<\/li>\n<li>Documents pour appuyer les r\u00e9ductions du contingent fiscal que vous allez demander.<\/li>\n<li>Documents li\u00e9s \u00e0 l\u2019obtention de revenus.<\/li>\n<\/ul>\n<p>[\/vc_column_text][vc_empty_space height=\u00a0\u00bb15px\u00a0\u00bb][\/vc_column][\/vc_row][vc_row css_animation=\u00a0\u00bbfadeIn\u00a0\u00bb][vc_column][vc_custom_heading text=\u00a0\u00bbComment d\u00e9poser une d\u00e9claration d\u2019imp\u00f4t sur le revenu en Andorre ?\u00a0\u00bb use_theme_fonts=\u00a0\u00bbyes\u00a0\u00bb][vc_column_text]Il existe deux fa\u00e7ons de d\u00e9clarer l\u2019imp\u00f4t sur le revenu des personnes physiques en Andorre : en personne ou en ligne. Si vous poss\u00e9dez d\u00e9j\u00e0 un nom d\u2019utilisateur et un mot de passe pour le module d\u2019identification en ligne (MIL) ou un certificat \u00e9lectronique de l\u2019administration au bureau virtuel DTF, vous pouvez compl\u00e9ter votre d\u00e9claration en ligne. Si vous souhaitez le faire en personne, vous devez pr\u00e9alablement demander un rendez-vous sur le site du gouvernement Andorran :\u00a0<a href=\"https:\/\/www.e-tramits.ad\/tramits\/impostos\/irpf\">https:\/\/www.e-tramits.ad\/tramits\/impostos\/irpf<\/a>. L\u2019adresse \u00e0 laquelle vous pr\u00e9senter est la suivante : Baixada del Mol\u00ed, 26, Andorra la Vella, Departament de Tribtuts i de Fronteres. Les heures d\u2019ouverture sont du lundi au jeudi de 8h00 \u00e0 15h00 et le vendredi de 8h00 \u00e0 14h30.<\/p>\n<p>[\/vc_column_text][vc_custom_heading text=\u00a0\u00bbNos services de d\u00e9claration d\u2019imp\u00f4t sur le revenu\u00a0\u00bb use_theme_fonts=\u00a0\u00bbyes\u00a0\u00bb][vc_column_text el_class=\u00a0\u00bbnegrita-corporativo texto-15px\u00a0\u00bb]Notre cabinet de conseil fiscal Abast Global \u2013 Andorra Solutions peut vous accompagner dans la pr\u00e9paration de votre d\u00e9claration d\u2019imp\u00f4t sur le revenu en Andorre. Nous sommes sp\u00e9cialis\u00e9s dans la d\u00e9claration d\u2019imp\u00f4t sur le revenu \u00e0 l\u2019\u00e9tranger et dans l\u2019application des imp\u00f4ts des non-r\u00e9sidents IRNR dans l\u2019\u00c9tat source. Nous vous rappelons que <strong>la date limite de d\u00e9p\u00f4t de votre d\u00e9claration de revenus est fix\u00e9e au 30 septembre 2026<\/strong>. Pour ce faire, vous pouvez contacter notre \u00e9quipe fiscale ou nos comptables <a href=\"https:\/\/www.andorra-solutions.com\/fr\/contact-avec-andorra-solutions\/\" target=\"_blank\" rel=\"noopener\">ici<\/a>.[\/vc_column_text][vc_empty_space height=\u00a0\u00bb15px\u00a0\u00bb][\/vc_column][\/vc_row][vc_column][\/vc_column]<\/p>\n","protected":false},"excerpt":{"rendered":"<p>[vc_row css_animation=\u00a0\u00bbfadeIn\u00a0\u00bb][vc_column][vc_column_text]Information importante pour les contribuables : la d\u00e9claration de revenus andorrane (imp\u00f4t sur le revenu des personnes physiques &#8211; IRPF) peut \u00eatre d\u00e9pos\u00e9e entre le 1er avril 2026 et le 30 septembre 2026 et correspond \u00e0 l&rsquo;ann\u00e9e fiscale 2025. La d\u00e9claration d&rsquo;IRPF \u00e0 Andorre doit inclure tous les revenus, profits et pertes per\u00e7ues quel<\/p>\n","protected":false},"author":2,"featured_media":0,"parent":0,"menu_order":0,"comment_status":"closed","ping_status":"closed","template":"","meta":{"_monsterinsights_skip_tracking":false,"_monsterinsights_sitenote_active":false,"_monsterinsights_sitenote_note":"","_monsterinsights_sitenote_category":0,"footnotes":""},"class_list":["post-14277","page","type-page","status-publish","hentry"],"acf":[],"yoast_head":"<!-- This site is optimized with the Yoast SEO plugin v27.4 - https:\/\/yoast.com\/product\/yoast-seo-wordpress\/ -->\n<title>D\u00e9claration d\u2019imp\u00f4t sur le revenu en Andorre 2026<\/title>\n<meta name=\"description\" content=\"Informations pertinentes sur la d\u00e9claration de revenus en Andorre pour les contribuables ayant leur r\u00e9sidence fiscale en Andorre.\" \/>\n<meta name=\"robots\" content=\"index, follow, max-snippet:-1, max-image-preview:large, max-video-preview:-1\" \/>\n<link rel=\"canonical\" href=\"https:\/\/www.andorra-solutions.com\/fr\/declaration-impot-revenu-andorre\/\" \/>\n<meta property=\"og:locale\" content=\"fr_FR\" \/>\n<meta property=\"og:type\" content=\"article\" \/>\n<meta property=\"og:title\" content=\"D\u00e9claration d\u2019imp\u00f4t sur le revenu en Andorre 2026\" \/>\n<meta property=\"og:description\" content=\"Informations pertinentes sur la d\u00e9claration de revenus en Andorre pour les contribuables ayant leur r\u00e9sidence fiscale en Andorre.\" \/>\n<meta property=\"og:url\" content=\"https:\/\/www.andorra-solutions.com\/fr\/declaration-impot-revenu-andorre\/\" \/>\n<meta property=\"og:site_name\" content=\"Andorra Solutions\" \/>\n<meta property=\"article:publisher\" content=\"https:\/\/es-la.facebook.com\/andorrasolutions\/\" \/>\n<meta property=\"article:modified_time\" content=\"2026-03-25T15:29:16+00:00\" \/>\n<meta name=\"twitter:label1\" content=\"Dur\u00e9e de lecture estim\u00e9e\" \/>\n\t<meta name=\"twitter:data1\" content=\"4 minutes\" \/>\n<!-- \/ Yoast SEO plugin. -->","yoast_head_json":{"title":"D\u00e9claration d\u2019imp\u00f4t sur le revenu en Andorre 2026","description":"Informations pertinentes sur la d\u00e9claration de revenus en Andorre pour les contribuables ayant leur r\u00e9sidence fiscale en Andorre.","robots":{"index":"index","follow":"follow","max-snippet":"max-snippet:-1","max-image-preview":"max-image-preview:large","max-video-preview":"max-video-preview:-1"},"canonical":"https:\/\/www.andorra-solutions.com\/fr\/declaration-impot-revenu-andorre\/","og_locale":"fr_FR","og_type":"article","og_title":"D\u00e9claration d\u2019imp\u00f4t sur le revenu en Andorre 2026","og_description":"Informations pertinentes sur la d\u00e9claration de revenus en Andorre pour les contribuables ayant leur r\u00e9sidence fiscale en Andorre.","og_url":"https:\/\/www.andorra-solutions.com\/fr\/declaration-impot-revenu-andorre\/","og_site_name":"Andorra Solutions","article_publisher":"https:\/\/es-la.facebook.com\/andorrasolutions\/","article_modified_time":"2026-03-25T15:29:16+00:00","twitter_misc":{"Dur\u00e9e de lecture estim\u00e9e":"4 minutes"},"schema":{"@context":"https:\/\/schema.org","@graph":[{"@type":"WebPage","@id":"https:\/\/www.andorra-solutions.com\/fr\/declaration-impot-revenu-andorre\/","url":"https:\/\/www.andorra-solutions.com\/fr\/declaration-impot-revenu-andorre\/","name":"D\u00e9claration d\u2019imp\u00f4t sur le revenu en Andorre 2026","isPartOf":{"@id":"https:\/\/www.andorra-solutions.com\/fr\/#website"},"datePublished":"2021-05-10T15:52:06+00:00","dateModified":"2026-03-25T15:29:16+00:00","description":"Informations pertinentes sur la d\u00e9claration de revenus en Andorre pour les contribuables ayant leur r\u00e9sidence fiscale en Andorre.","breadcrumb":{"@id":"https:\/\/www.andorra-solutions.com\/fr\/declaration-impot-revenu-andorre\/#breadcrumb"},"inLanguage":"fr-FR","potentialAction":[{"@type":"ReadAction","target":["https:\/\/www.andorra-solutions.com\/fr\/declaration-impot-revenu-andorre\/"]}]},{"@type":"BreadcrumbList","@id":"https:\/\/www.andorra-solutions.com\/fr\/declaration-impot-revenu-andorre\/#breadcrumb","itemListElement":[{"@type":"ListItem","position":1,"name":"Home","item":"https:\/\/www.andorra-solutions.com\/fr\/"},{"@type":"ListItem","position":2,"name":"D\u00e9claration d\u2019imp\u00f4t sur le revenu en Andorre"}]},{"@type":"WebSite","@id":"https:\/\/www.andorra-solutions.com\/fr\/#website","url":"https:\/\/www.andorra-solutions.com\/fr\/","name":"Andorra Solutions","description":"","publisher":{"@id":"https:\/\/www.andorra-solutions.com\/fr\/#organization"},"potentialAction":[{"@type":"SearchAction","target":{"@type":"EntryPoint","urlTemplate":"https:\/\/www.andorra-solutions.com\/fr\/?s={search_term_string}"},"query-input":{"@type":"PropertyValueSpecification","valueRequired":true,"valueName":"search_term_string"}}],"inLanguage":"fr-FR"},{"@type":"Organization","@id":"https:\/\/www.andorra-solutions.com\/fr\/#organization","name":"Andorra Solutions","url":"https:\/\/www.andorra-solutions.com\/fr\/","logo":{"@type":"ImageObject","inLanguage":"fr-FR","@id":"https:\/\/www.andorra-solutions.com\/fr\/#\/schema\/logo\/image\/","url":"https:\/\/www.andorra-solutions.com\/wp-content\/uploads\/2021\/04\/logo-abast-andorra-solutions-peq.png","contentUrl":"https:\/\/www.andorra-solutions.com\/wp-content\/uploads\/2021\/04\/logo-abast-andorra-solutions-peq.png","width":211,"height":58,"caption":"Andorra Solutions"},"image":{"@id":"https:\/\/www.andorra-solutions.com\/fr\/#\/schema\/logo\/image\/"},"sameAs":["https:\/\/es-la.facebook.com\/andorrasolutions\/","https:\/\/x.com\/andorrasolution","https:\/\/www.linkedin.com\/company\/andorra-solutions\/","https:\/\/www.youtube.com\/c\/AndorraSolutions"]}]}},"_links":{"self":[{"href":"https:\/\/www.andorra-solutions.com\/fr\/wp-json\/wp\/v2\/pages\/14277","targetHints":{"allow":["GET"]}}],"collection":[{"href":"https:\/\/www.andorra-solutions.com\/fr\/wp-json\/wp\/v2\/pages"}],"about":[{"href":"https:\/\/www.andorra-solutions.com\/fr\/wp-json\/wp\/v2\/types\/page"}],"author":[{"embeddable":true,"href":"https:\/\/www.andorra-solutions.com\/fr\/wp-json\/wp\/v2\/users\/2"}],"replies":[{"embeddable":true,"href":"https:\/\/www.andorra-solutions.com\/fr\/wp-json\/wp\/v2\/comments?post=14277"}],"version-history":[{"count":5,"href":"https:\/\/www.andorra-solutions.com\/fr\/wp-json\/wp\/v2\/pages\/14277\/revisions"}],"predecessor-version":[{"id":19388,"href":"https:\/\/www.andorra-solutions.com\/fr\/wp-json\/wp\/v2\/pages\/14277\/revisions\/19388"}],"wp:attachment":[{"href":"https:\/\/www.andorra-solutions.com\/fr\/wp-json\/wp\/v2\/media?parent=14277"}],"curies":[{"name":"wp","href":"https:\/\/api.w.org\/{rel}","templated":true}]}}