{"id":14886,"date":"2021-05-19T15:42:07","date_gmt":"2021-05-19T15:42:07","guid":{"rendered":"https:\/\/www.andorra-solutions.com\/inversion-gestion-financiera-andorra\/"},"modified":"2021-05-19T15:51:10","modified_gmt":"2021-05-19T15:51:10","slug":"finanzbeteiligungs-und-verwaltungsunternehmen-in-andorra","status":"publish","type":"page","link":"https:\/\/www.andorra-solutions.com\/de\/finanzbeteiligungs-und-verwaltungsunternehmen-in-andorra\/","title":{"rendered":"Finanzbeteiligungs- und -verwaltungsunternehmen in Andorra"},"content":{"rendered":"<p>[vc_row css_animation=&#8220;fadeIn&#8220;][vc_column][vc_column_text]Das F\u00fcrstentum Andorra hat diverse Vorteile f\u00fcr eine Unternehmensgr\u00fcndung, speziell f\u00fcr internationale Finanzbeteiligungs- und verwaltungsunternehmen. Das F\u00fcrstentum bietet nicht nur Vorteile f\u00fcr Unternehmen, sondern auch f\u00fcr Individuen, sowohl finanziell als auch an Lebensqualit\u00e4t. Andorra Solutions detailliert die Gr\u00fcnde warum es f\u00fcr Sie Interessant sein kann ein Finanzbeteiligungs- und \u2013verwaltungsunternehmen in Andorra zu gr\u00fcnden.[\/vc_column_text][vc_custom_heading text=&#8220;Eine unschlagbare Lebensqualit\u00e4t um ein Unternehmen in Andorra zu gr\u00fcnden<br \/>\n&#8220; font_container=&#8220;tag:h2|text_align:center&#8220; use_theme_fonts=&#8220;yes&#8220; el_class=&#8220;corporativo&#8220;][vc_custom_heading text=&#8220;Ein strategischer Standort in der Mitte Europas<br \/>\n&#8220; use_theme_fonts=&#8220;yes&#8220;][vc_column_text]Mit nur etwa zwei Autostunden von Barcelona und knapp 2,5 Stunden von Toulouse entfernt, bietet Andorra seinen Einwohnern mit der zentralen Lage zwischen Spanien und Frankreich mehrere Vorteile und einen idealen Lebensqualit\u00e4tsstandard. Eine angenehme Vielfalt spanisch, franz\u00f6sisch, portugiesisch und katalanischen Kulturmerkmalen ist typisch f\u00fcr das kleine Land.[\/vc_column_text][vc_custom_heading text=&#8220;Ein sicherer Lebensraum<br \/>\n&#8220; use_theme_fonts=&#8220;yes&#8220;][vc_column_text el_class=&#8220;negrita-corporativo texto-15px&#8220;]Am Fu\u00dfe der Pyren\u00e4en gelegen z\u00e4hlt Andorra zu den L\u00e4ndern mit dem h\u00f6chsten pro-Kopf Einkommen in der Welt. Die Lebensqualit\u00e4t ist au\u00dferdem verbunden mit der exzellenten Infrastruktur des F\u00fcrstentums. Um auswertige Investoren anzuziehen bietet Andorra sogar eine Aufenthaltsgenehmigung f\u00fcr Gesch\u00e4ftsf\u00fchrer, welche sich dazu entschieden haben ein Unternehmen in Andorra zu gr\u00fcnden. Das exzellente Gesundheitssystem und multilinguale Bildungsinstitute z\u00e4hlen zu den weitreichenden Vorteilen.<\/p>\n<p>Ein vorteilhaftiges Steuersystem ist darauf ausgelegt weitere Firmengr\u00fcndungen in Andorra zu f\u00f6rdern.<br \/>\nAndorra ist als Land absolut offen f\u00fcr Unternehmen und unterst\u00fctzt sogar Firmengr\u00fcndungen und ausl\u00e4ndische Investments.[\/vc_column_text][vc_custom_heading text=&#8220;Eine beg\u00fcnstigte Unternehmensbesteuerung f\u00fcr internationale Finanzunternehmen<br \/>\n&#8220; use_theme_fonts=&#8220;yes&#8220;][vc_column_text el_class=&#8220;negrita-corporativo texto-15px&#8220;]Das Steuersystem in Andorra bietet viele Vorteile, speziell bei der Besteuerung von Finanzbeteiligungs- und \u2013verwaltungsunternehmen. Die Besteuerung betr\u00e4gt maximal 10% und kann auf bis zu 2% reduziert werden abh\u00e4ngig von Unternehmenstyp und diverser Bedingungen.<\/p>\n<p>Die Handlungsfelder dieser Unternehmen befinden sich im Bereich Kreditmanagement von Investoren oder Finanzverwaltung von Unternehmen durch die Teilnahme an Kapitalbestand von Unternehmen deren steuerliche Niederlassung nicht in Andorra liegt. Eine Gr\u00fcndung eines Finanzbeteiligungs- und \u2013verwaltungsunternehmen in Andorra kann eine Steuerminderung von 80% der Besteuerungsgrundlage bieten.<\/p>\n<p>Um diese Steuervorteile zu genie\u00dfen werden vom Unternehmen folgende Konditionen vorausgesetzt. Diese Konditionen um ein Finanzbeteiligungs- und \u2013verwaltungsunternehmen zu gr\u00fcnden verlangen ein Mindestkapital in H\u00f6he von \u20ac250,000 welche verpflichtend sind um den Unternehmenssteuersitz nach Andorra zu verlegen. Zus\u00e4tzlich muss das Unternehmen mindestens eine Teilzeitbesch\u00e4ftigung innerhalb der Landesgrenzen besch\u00e4ftigen und \u00fcber eine B\u00fcrofl\u00e4che von mindestens 20m2 zur alleinigen Nutzung verf\u00fcgen.<\/p>\n<p>Daher ist Andorra ein idealer Standort f\u00fcr Kapitalanlagegesellschaften. Da deren Mission die Schaffung von Vorteilen f\u00fcr Investoren ist, gibt es kaum ein besser positioniertes Land als Andorra, es erf\u00fcllt zus\u00e4tzlich alle Voraussetzungen um den Erfolg des Unternehmens zu garantieren.<\/p>\n<p>Wenn Sie Interesse daran haben ein Finanzbeteiligungs- und \u2013verwaltungsunternehmen in Andorra entweder aufzubauen oder zu gr\u00fcnden, Unsere\u00a0Berater stehen Ihnen auf Ihrer Unternehmensreise sehr gerne unterst\u00fctzend zur Seite.[\/vc_column_text][vc_empty_space][\/vc_column][\/vc_row]<\/p>\n","protected":false},"excerpt":{"rendered":"<p>[vc_row css_animation=&#8220;fadeIn&#8220;][vc_column][vc_column_text]Das F\u00fcrstentum Andorra hat diverse Vorteile f\u00fcr eine Unternehmensgr\u00fcndung, speziell f\u00fcr internationale Finanzbeteiligungs- und verwaltungsunternehmen. Das F\u00fcrstentum bietet nicht nur Vorteile f\u00fcr Unternehmen, sondern auch f\u00fcr Individuen, sowohl finanziell als auch an Lebensqualit\u00e4t. Andorra Solutions detailliert die Gr\u00fcnde warum es f\u00fcr Sie Interessant sein kann ein Finanzbeteiligungs- und \u2013verwaltungsunternehmen in Andorra zu gr\u00fcnden.[\/vc_column_text][vc_custom_heading text=&#8220;Eine<\/p>\n","protected":false},"author":2,"featured_media":0,"parent":0,"menu_order":0,"comment_status":"closed","ping_status":"closed","template":"","meta":{"_monsterinsights_skip_tracking":false,"_monsterinsights_sitenote_active":false,"_monsterinsights_sitenote_note":"","_monsterinsights_sitenote_category":0,"footnotes":""},"class_list":["post-14886","page","type-page","status-publish","hentry"],"acf":[],"yoast_head":"<!-- This site is optimized with the Yoast SEO plugin v27.5 - https:\/\/yoast.com\/product\/yoast-seo-wordpress\/ -->\n<title>Finanzbeteiligungs- und -verwaltungsunternehmen in Andorra |<\/title>\n<meta name=\"robots\" content=\"index, follow, max-snippet:-1, max-image-preview:large, max-video-preview:-1\" \/>\n<link rel=\"canonical\" href=\"https:\/\/www.andorra-solutions.com\/de\/finanzbeteiligungs-und-verwaltungsunternehmen-in-andorra\/\" \/>\n<meta property=\"og:locale\" content=\"de_DE\" \/>\n<meta property=\"og:type\" content=\"article\" \/>\n<meta property=\"og:title\" content=\"Finanzbeteiligungs- und -verwaltungsunternehmen in Andorra |\" \/>\n<meta property=\"og:description\" content=\"[vc_row css_animation=&#8220;fadeIn&#8220;][vc_column][vc_column_text]Das F\u00fcrstentum Andorra hat diverse Vorteile f\u00fcr eine Unternehmensgr\u00fcndung, speziell f\u00fcr internationale Finanzbeteiligungs- und verwaltungsunternehmen. Das F\u00fcrstentum bietet nicht nur Vorteile f\u00fcr Unternehmen, sondern auch f\u00fcr Individuen, sowohl finanziell als auch an Lebensqualit\u00e4t. Andorra Solutions detailliert die Gr\u00fcnde warum es f\u00fcr Sie Interessant sein kann ein Finanzbeteiligungs- und \u2013verwaltungsunternehmen in Andorra zu gr\u00fcnden.[\/vc_column_text][vc_custom_heading text=&#8220;Eine\" \/>\n<meta property=\"og:url\" content=\"https:\/\/www.andorra-solutions.com\/de\/finanzbeteiligungs-und-verwaltungsunternehmen-in-andorra\/\" \/>\n<meta property=\"og:site_name\" content=\"Andorra Solutions\" \/>\n<meta property=\"article:publisher\" content=\"https:\/\/es-la.facebook.com\/andorrasolutions\/\" \/>\n<meta property=\"article:modified_time\" content=\"2021-05-19T15:51:10+00:00\" \/>\n<meta name=\"twitter:label1\" content=\"Gesch\u00e4tzte Lesezeit\" \/>\n\t<meta name=\"twitter:data1\" content=\"2\u00a0Minuten\" \/>\n<!-- \/ Yoast SEO plugin. -->","yoast_head_json":{"title":"Finanzbeteiligungs- und -verwaltungsunternehmen in Andorra |","robots":{"index":"index","follow":"follow","max-snippet":"max-snippet:-1","max-image-preview":"max-image-preview:large","max-video-preview":"max-video-preview:-1"},"canonical":"https:\/\/www.andorra-solutions.com\/de\/finanzbeteiligungs-und-verwaltungsunternehmen-in-andorra\/","og_locale":"de_DE","og_type":"article","og_title":"Finanzbeteiligungs- und -verwaltungsunternehmen in Andorra |","og_description":"[vc_row css_animation=&#8220;fadeIn&#8220;][vc_column][vc_column_text]Das F\u00fcrstentum Andorra hat diverse Vorteile f\u00fcr eine Unternehmensgr\u00fcndung, speziell f\u00fcr internationale Finanzbeteiligungs- und verwaltungsunternehmen. Das F\u00fcrstentum bietet nicht nur Vorteile f\u00fcr Unternehmen, sondern auch f\u00fcr Individuen, sowohl finanziell als auch an Lebensqualit\u00e4t. Andorra Solutions detailliert die Gr\u00fcnde warum es f\u00fcr Sie Interessant sein kann ein Finanzbeteiligungs- und \u2013verwaltungsunternehmen in Andorra zu gr\u00fcnden.[\/vc_column_text][vc_custom_heading text=&#8220;Eine","og_url":"https:\/\/www.andorra-solutions.com\/de\/finanzbeteiligungs-und-verwaltungsunternehmen-in-andorra\/","og_site_name":"Andorra Solutions","article_publisher":"https:\/\/es-la.facebook.com\/andorrasolutions\/","article_modified_time":"2021-05-19T15:51:10+00:00","twitter_misc":{"Gesch\u00e4tzte Lesezeit":"2\u00a0Minuten"},"schema":{"@context":"https:\/\/schema.org","@graph":[{"@type":"WebPage","@id":"https:\/\/www.andorra-solutions.com\/de\/finanzbeteiligungs-und-verwaltungsunternehmen-in-andorra\/","url":"https:\/\/www.andorra-solutions.com\/de\/finanzbeteiligungs-und-verwaltungsunternehmen-in-andorra\/","name":"Finanzbeteiligungs- und -verwaltungsunternehmen in Andorra |","isPartOf":{"@id":"https:\/\/www.andorra-solutions.com\/de\/#website"},"datePublished":"2021-05-19T15:42:07+00:00","dateModified":"2021-05-19T15:51:10+00:00","breadcrumb":{"@id":"https:\/\/www.andorra-solutions.com\/de\/finanzbeteiligungs-und-verwaltungsunternehmen-in-andorra\/#breadcrumb"},"inLanguage":"de","potentialAction":[{"@type":"ReadAction","target":["https:\/\/www.andorra-solutions.com\/de\/finanzbeteiligungs-und-verwaltungsunternehmen-in-andorra\/"]}]},{"@type":"BreadcrumbList","@id":"https:\/\/www.andorra-solutions.com\/de\/finanzbeteiligungs-und-verwaltungsunternehmen-in-andorra\/#breadcrumb","itemListElement":[{"@type":"ListItem","position":1,"name":"Home","item":"https:\/\/www.andorra-solutions.com\/de\/"},{"@type":"ListItem","position":2,"name":"Finanzbeteiligungs- und -verwaltungsunternehmen in Andorra"}]},{"@type":"WebSite","@id":"https:\/\/www.andorra-solutions.com\/de\/#website","url":"https:\/\/www.andorra-solutions.com\/de\/","name":"Andorra Solutions","description":"","publisher":{"@id":"https:\/\/www.andorra-solutions.com\/de\/#organization"},"potentialAction":[{"@type":"SearchAction","target":{"@type":"EntryPoint","urlTemplate":"https:\/\/www.andorra-solutions.com\/de\/?s={search_term_string}"},"query-input":{"@type":"PropertyValueSpecification","valueRequired":true,"valueName":"search_term_string"}}],"inLanguage":"de"},{"@type":"Organization","@id":"https:\/\/www.andorra-solutions.com\/de\/#organization","name":"Andorra Solutions","url":"https:\/\/www.andorra-solutions.com\/de\/","logo":{"@type":"ImageObject","inLanguage":"de","@id":"https:\/\/www.andorra-solutions.com\/de\/#\/schema\/logo\/image\/","url":"https:\/\/www.andorra-solutions.com\/wp-content\/uploads\/2021\/04\/logo-abast-andorra-solutions-peq.png","contentUrl":"https:\/\/www.andorra-solutions.com\/wp-content\/uploads\/2021\/04\/logo-abast-andorra-solutions-peq.png","width":211,"height":58,"caption":"Andorra Solutions"},"image":{"@id":"https:\/\/www.andorra-solutions.com\/de\/#\/schema\/logo\/image\/"},"sameAs":["https:\/\/es-la.facebook.com\/andorrasolutions\/","https:\/\/x.com\/andorrasolution","https:\/\/www.linkedin.com\/company\/andorra-solutions\/","https:\/\/www.youtube.com\/c\/AndorraSolutions"]}]}},"_links":{"self":[{"href":"https:\/\/www.andorra-solutions.com\/de\/wp-json\/wp\/v2\/pages\/14886","targetHints":{"allow":["GET"]}}],"collection":[{"href":"https:\/\/www.andorra-solutions.com\/de\/wp-json\/wp\/v2\/pages"}],"about":[{"href":"https:\/\/www.andorra-solutions.com\/de\/wp-json\/wp\/v2\/types\/page"}],"author":[{"embeddable":true,"href":"https:\/\/www.andorra-solutions.com\/de\/wp-json\/wp\/v2\/users\/2"}],"replies":[{"embeddable":true,"href":"https:\/\/www.andorra-solutions.com\/de\/wp-json\/wp\/v2\/comments?post=14886"}],"version-history":[{"count":0,"href":"https:\/\/www.andorra-solutions.com\/de\/wp-json\/wp\/v2\/pages\/14886\/revisions"}],"wp:attachment":[{"href":"https:\/\/www.andorra-solutions.com\/de\/wp-json\/wp\/v2\/media?parent=14886"}],"curies":[{"name":"wp","href":"https:\/\/api.w.org\/{rel}","templated":true}]}}